{"id":318,"date":"2016-10-31T14:20:44","date_gmt":"2016-10-31T17:20:44","guid":{"rendered":"https:\/\/lolamora-caba.infd.edu.ar\/sitio\/?page_id=318"},"modified":"2018-06-22T15:32:23","modified_gmt":"2018-06-22T18:32:23","slug":"contacto","status":"publish","type":"page","link":"https:\/\/lolamora-caba.infd.edu.ar\/sitio\/contacto\/","title":{"rendered":"CONTACTO"},"content":{"rendered":"<div  class=\"lgc-column lgc-grid-parent lgc-grid-70 lgc-tablet-grid-60 lgc-mobile-grid-100 lgc-equal-heights \"><div  class=\"inside-grid-column\">\n<h2>Comunicate con nosotros<\/h2>\n<p>\n<div class=\"wpcf7 no-js\" id=\"wpcf7-f57-o1\" lang=\"es-ES\" dir=\"ltr\">\n<div class=\"screen-reader-response\"><p role=\"status\" aria-live=\"polite\" aria-atomic=\"true\"><\/p> <ul><\/ul><\/div>\n<form action=\"\/sitio\/wp-json\/wp\/v2\/pages\/318#wpcf7-f57-o1\" method=\"post\" class=\"wpcf7-form init\" aria-label=\"Formulario de contacto\" novalidate=\"novalidate\" data-status=\"init\">\n<div style=\"display: none;\">\n<input type=\"hidden\" name=\"_wpcf7\" value=\"57\" \/>\n<input type=\"hidden\" name=\"_wpcf7_version\" value=\"5.7.7\" \/>\n<input type=\"hidden\" name=\"_wpcf7_locale\" value=\"es_ES\" \/>\n<input type=\"hidden\" name=\"_wpcf7_unit_tag\" value=\"wpcf7-f57-o1\" \/>\n<input type=\"hidden\" name=\"_wpcf7_container_post\" value=\"0\" \/>\n<input type=\"hidden\" name=\"_wpcf7_posted_data_hash\" value=\"\" \/>\n<input type=\"hidden\" name=\"_wpcf7_recaptcha_response\" value=\"\" \/>\n<\/div>\n<p><label><br \/>\n<b>* Nombre<\/b><br \/>\n<span class=\"wpcf7-form-control-wrap\" data-name=\"your-nombre\"><input size=\"40\" class=\"wpcf7-form-control wpcf7-text wpcf7-validates-as-required\" aria-required=\"true\" aria-invalid=\"false\" value=\"\" type=\"text\" name=\"your-nombre\" \/><\/span><br \/>\n<\/label><br \/>\n<label><br \/>\n<b>* Apellidos<\/b><br \/>\n<span class=\"wpcf7-form-control-wrap\" data-name=\"your-apellidos\"><input size=\"40\" class=\"wpcf7-form-control wpcf7-text wpcf7-validates-as-required\" aria-required=\"true\" aria-invalid=\"false\" value=\"\" type=\"text\" name=\"your-apellidos\" \/><\/span><br \/>\n<\/label><br \/>\n<label><br \/>\n<b>* E-mail<\/b><br \/>\n<span class=\"wpcf7-form-control-wrap\" data-name=\"your-e-mail\"><input size=\"40\" class=\"wpcf7-form-control wpcf7-text wpcf7-email wpcf7-validates-as-required wpcf7-validates-as-email\" aria-required=\"true\" aria-invalid=\"false\" value=\"\" type=\"email\" name=\"your-e-mail\" \/><\/span><br \/>\n<\/label><br \/>\n<label><br \/>\n<b>* Direcci\u00f3n<\/b><br \/>\n<span class=\"wpcf7-form-control-wrap\" data-name=\"your-direccion\"><input size=\"40\" class=\"wpcf7-form-control wpcf7-text wpcf7-validates-as-required\" aria-required=\"true\" aria-invalid=\"false\" value=\"\" type=\"text\" name=\"your-direccion\" \/><\/span><br \/>\n<\/label><br \/>\n<label><br \/>\n<b>* Ciudad<\/b><br \/>\n<span class=\"wpcf7-form-control-wrap\" data-name=\"your-ciudad\"><input size=\"40\" class=\"wpcf7-form-control wpcf7-text wpcf7-validates-as-required\" aria-required=\"true\" aria-invalid=\"false\" value=\"\" type=\"text\" name=\"your-ciudad\" \/><\/span><br \/>\n<\/label><br \/>\n<label><br \/>\n<b>* C\u00f3digo Postal<\/b><br \/>\n<span class=\"wpcf7-form-control-wrap\" data-name=\"your-codigo-postal\"><input size=\"40\" class=\"wpcf7-form-control wpcf7-text wpcf7-validates-as-required\" aria-required=\"true\" aria-invalid=\"false\" value=\"\" type=\"text\" name=\"your-codigo-postal\" \/><\/span><br \/>\n<\/label><br \/>\n<label><br \/>\n<b>* Provincia<\/b><br \/>\n<span class=\"wpcf7-form-control-wrap\" data-name=\"your-provincia\"><input size=\"40\" class=\"wpcf7-form-control wpcf7-text wpcf7-validates-as-required\" aria-required=\"true\" aria-invalid=\"false\" value=\"\" type=\"text\" name=\"your-provincia\" \/><\/span><br \/>\n<\/label><br \/>\n<label><br \/>\n<b>* Pa\u00eds<\/b><br \/>\n<span class=\"wpcf7-form-control-wrap\" data-name=\"your-pais\"><input size=\"40\" class=\"wpcf7-form-control wpcf7-text\" aria-invalid=\"false\" value=\"\" type=\"text\" name=\"your-pais\" \/><\/span><br \/>\n<\/label><br \/>\n<label><br \/>\n<b>* Comentarios<\/b><br \/>\n<span class=\"wpcf7-form-control-wrap\" data-name=\"your-comentarios\"><textarea cols=\"40\" rows=\"10\" class=\"wpcf7-form-control wpcf7-textarea wpcf7-validates-as-required\" aria-required=\"true\" aria-invalid=\"false\" name=\"your-comentarios\"><\/textarea><\/span><br \/>\n<\/label><br \/>\n<label><br \/>\nSugerencias<br \/>\n<span class=\"wpcf7-form-control-wrap\" data-name=\"your-sugerencias\"><textarea cols=\"40\" rows=\"10\" class=\"wpcf7-form-control wpcf7-textarea\" aria-invalid=\"false\" name=\"your-sugerencias\"><\/textarea><\/span><br \/>\n<\/label>\n<\/p>\n<p> (*) Los campos son obligatorios.\n<\/p>\n\n<p><input class=\"wpcf7-form-control has-spinner wpcf7-submit\" type=\"submit\" value=\"Enviar\" \/><br \/>\n1<br \/>\nContacto desde la web<br \/>\nnoresponder@e-ducativa.com<br \/>\ndestinatario@ejemplo.com<br \/>\nNombre: [your-nombre]<br \/>\nApellidos: [your-apellidos]<br \/>\nE-mail: [your-e-mail]<br \/>\nDirecci\u00f3n: [your-direccion]<br \/>\nCiudad: [your-ciudad]<br \/>\nC\u00f3digo Postal: [your-codigo-postal]<br \/>\nProvincia: [your-provincia]<br \/>\nPa\u00eds: [your-pais]<br \/>\nComentarios: [your-comentarios]<br \/>\nSugerencias: [your-sugerencias]\n<\/p>\n<p>Gracias por tu mensaje. Ha sido enviado.<br \/>\nHubo un error intentando enviar tu mensaje. Por favor int\u00e9ntalo de nuevo m\u00e1s tarde.<br \/>\nUno o m\u00e1s campos tienen un error. Por favor revisa e int\u00e9ntalo de nuevo.<br \/>\nHubo un error intentando enviar tu mensaje. Por favor int\u00e9ntalo de nuevo m\u00e1s tarde.<br \/>\nDebes aceptar los t\u00e9rminos y condiciones antes de enviar tu mensaje.<br \/>\nEl campo es obligatorio.<br \/>\nEl campo es demasiado largo.<br \/>\nEl campo es demasiado corto.<br \/>\nEl formato de fecha es incorrecto.<br \/>\nLa fecha es anterior a la m\u00e1s temprana permitida.<br \/>\nLa fecha es posterior a la m\u00e1s tard\u00eda permitida.<br \/>\nHubo un error desconocido subiendo el archivo.<br \/>\nNo tienes permisos para subir archivos de este tipo.<br \/>\nEl archivo es demasiado grande.<br \/>\nSe ha producido un error subiendo la imagen<br \/>\nEl formato de n\u00famero no es v\u00e1lido.<br \/>\nEl n\u00famero es menor que el m\u00ednimo permitido.<br \/>\nEl n\u00famero es mayor que el m\u00e1ximo permitido.<br \/>\nLa respuesta al cuestionario no es correcta.<br \/>\nEl c\u00f3digo introducido es incorrecto.<br \/>\nLa direcci\u00f3n de correo electr\u00f3nico que has introducido no es v\u00e1lida.<br \/>\nLa URL no es v\u00e1lida.<br \/>\nEl n\u00famero de tel\u00e9fono no es v\u00e1lido.\n<\/p><p style=\"display: none !important;\"><label>&#916;<textarea name=\"_wpcf7_ak_hp_textarea\" cols=\"45\" rows=\"8\" maxlength=\"100\"><\/textarea><\/label><input type=\"hidden\" id=\"ak_js_1\" name=\"_wpcf7_ak_js\" value=\"169\"\/><script>document.getElementById( \"ak_js_1\" ).setAttribute( \"value\", ( new Date() ).getTime() );<\/script><\/p><div class=\"wpcf7-response-output\" aria-hidden=\"true\"><\/div>\n<\/form>\n<\/div>\n<\/p>\n<p><\/p><\/div><\/div>\n<div  class=\"lgc-column lgc-grid-parent lgc-grid-30 lgc-tablet-grid-40 lgc-mobile-grid-100 lgc-equal-heights \"><div  class=\"inside-grid-column\">\n<p><\/p><\/div><\/div><div class=\"lgc-clear\"><\/div>\n","protected":false},"excerpt":{"rendered":"","protected":false},"author":1,"featured_media":0,"parent":0,"menu_order":0,"comment_status":"closed","ping_status":"closed","template":"","meta":[],"acf":[],"_links":{"self":[{"href":"https:\/\/lolamora-caba.infd.edu.ar\/sitio\/wp-json\/wp\/v2\/pages\/318"}],"collection":[{"href":"https:\/\/lolamora-caba.infd.edu.ar\/sitio\/wp-json\/wp\/v2\/pages"}],"about":[{"href":"https:\/\/lolamora-caba.infd.edu.ar\/sitio\/wp-json\/wp\/v2\/types\/page"}],"author":[{"embeddable":true,"href":"https:\/\/lolamora-caba.infd.edu.ar\/sitio\/wp-json\/wp\/v2\/users\/1"}],"replies":[{"embeddable":true,"href":"https:\/\/lolamora-caba.infd.edu.ar\/sitio\/wp-json\/wp\/v2\/comments?post=318"}],"version-history":[{"count":7,"href":"https:\/\/lolamora-caba.infd.edu.ar\/sitio\/wp-json\/wp\/v2\/pages\/318\/revisions"}],"predecessor-version":[{"id":642,"href":"https:\/\/lolamora-caba.infd.edu.ar\/sitio\/wp-json\/wp\/v2\/pages\/318\/revisions\/642"}],"wp:attachment":[{"href":"https:\/\/lolamora-caba.infd.edu.ar\/sitio\/wp-json\/wp\/v2\/media?parent=318"}],"curies":[{"name":"wp","href":"https:\/\/api.w.org\/{rel}","templated":true}]}}